{"id":106,"date":"2024-10-31T20:23:45","date_gmt":"2024-10-31T19:23:45","guid":{"rendered":"https:\/\/vladkastory.com\/?page_id=106"},"modified":"2024-11-02T10:29:43","modified_gmt":"2024-11-02T09:29:43","slug":"uber-mich","status":"publish","type":"page","link":"https:\/\/vladkastory.com\/index.php\/uber-mich\/","title":{"rendered":"O mn\u011b"},"content":{"rendered":"\n<p>Ahoj! Jmenuju se Vladka a tenhle blog je o m\u00e9m chozen\u00ed a putov\u00e1n\u00ed po sv\u011bt\u011b. O m\u00e9 v\u00e1\u0161ni pro psan\u00ed a dobrodru\u017estv\u00ed. <\/p>\n\n\n\n<figure class=\"wp-block-image size-large\"><img fetchpriority=\"high\" decoding=\"async\" width=\"1024\" height=\"696\" src=\"https:\/\/mlausnsmnor5.i.optimole.com\/w:1024\/h:696\/q:mauto\/f:avif\/https:\/\/vladkastory.com\/wp-content\/uploads\/2024\/11\/aboutMe.jpg\" alt=\"\" class=\"wp-image-113\"\/><\/figure>\n","protected":false},"excerpt":{"rendered":"<p>Ahoj! Jmenuju se Vladka a tenhle blog je o m\u00e9m chozen\u00ed a putov\u00e1n\u00ed po sv\u011bt\u011b. O m\u00e9 v\u00e1\u0161ni pro psan\u00ed a dobrodru\u017estv\u00ed.<\/p>\n","protected":false},"author":1,"featured_media":0,"parent":0,"menu_order":0,"comment_status":"closed","ping_status":"closed","template":"","meta":{"om_disable_all_campaigns":false,"_mi_skip_tracking":false,"_monsterinsights_sitenote_active":false,"_monsterinsights_sitenote_note":"","_monsterinsights_sitenote_category":0},"aioseo_notices":[],"_links":{"self":[{"href":"https:\/\/vladkastory.com\/index.php\/wp-json\/wp\/v2\/pages\/106"}],"collection":[{"href":"https:\/\/vladkastory.com\/index.php\/wp-json\/wp\/v2\/pages"}],"about":[{"href":"https:\/\/vladkastory.com\/index.php\/wp-json\/wp\/v2\/types\/page"}],"author":[{"embeddable":true,"href":"https:\/\/vladkastory.com\/index.php\/wp-json\/wp\/v2\/users\/1"}],"replies":[{"embeddable":true,"href":"https:\/\/vladkastory.com\/index.php\/wp-json\/wp\/v2\/comments?post=106"}],"version-history":[{"count":4,"href":"https:\/\/vladkastory.com\/index.php\/wp-json\/wp\/v2\/pages\/106\/revisions"}],"predecessor-version":[{"id":117,"href":"https:\/\/vladkastory.com\/index.php\/wp-json\/wp\/v2\/pages\/106\/revisions\/117"}],"wp:attachment":[{"href":"https:\/\/vladkastory.com\/index.php\/wp-json\/wp\/v2\/media?parent=106"}],"curies":[{"name":"wp","href":"https:\/\/api.w.org\/{rel}","templated":true}]}}